{"id":240,"date":"2023-08-14T15:53:21","date_gmt":"2023-08-14T15:53:21","guid":{"rendered":"https:\/\/teclubin.com.mx\/landing\/?page_id=240"},"modified":"2025-04-24T19:05:38","modified_gmt":"2025-04-24T19:05:38","slug":"aviso-de-privacidad","status":"publish","type":"page","link":"https:\/\/teclubin.com.mx\/landing\/index.php\/aviso-de-privacidad\/","title":{"rendered":"Aviso de Privacidad"},"content":{"rendered":"<div class=\"fusion-fullwidth fullwidth-box fusion-builder-row-1 fusion-flex-container nonhundred-percent-fullwidth non-hundred-percent-height-scrolling\" style=\"--awb-border-radius-top-left:0px;--awb-border-radius-top-right:0px;--awb-border-radius-bottom-right:0px;--awb-border-radius-bottom-left:0px;--awb-background-color:rgba(255,255,255,0);--awb-flex-wrap:wrap;\" ><div class=\"fusion-builder-row fusion-row fusion-flex-align-items-flex-start fusion-flex-content-wrap\" style=\"max-width:1248px;margin-left: calc(-4% \/ 2 );margin-right: calc(-4% \/ 2 );\"><div class=\"fusion-layout-column fusion_builder_column fusion-builder-column-0 fusion_builder_column_1_1 1_1 fusion-flex-column\" style=\"--awb-bg-size:cover;--awb-width-large:100%;--awb-margin-top-large:0px;--awb-spacing-right-large:1.92%;--awb-margin-bottom-large:20px;--awb-spacing-left-large:1.92%;--awb-width-medium:100%;--awb-order-medium:0;--awb-spacing-right-medium:1.92%;--awb-spacing-left-medium:1.92%;--awb-width-small:100%;--awb-order-small:0;--awb-spacing-right-small:1.92%;--awb-spacing-left-small:1.92%;\"><div class=\"fusion-column-wrapper fusion-column-has-shadow fusion-flex-justify-content-flex-start fusion-content-layout-column\"><div class=\"fusion-separator fusion-full-width-sep\" style=\"align-self: center;margin-left: auto;margin-right: auto;margin-top:25px;width:100%;\"><\/div><div class=\"fusion-title title fusion-title-1 fusion-sep-none fusion-title-center fusion-title-text fusion-title-size-one\" style=\"--awb-text-color:var(--awb-color5);--awb-font-size:50px;\"><h1 class=\"fusion-title-heading title-heading-center\" style=\"font-family:&quot;Poppins&quot;;font-style:normal;font-weight:700;margin:0;font-size:1em;\">\u201cAVISO DE PRIVACIDAD\u201d<\/h1><\/div><div class=\"fusion-separator fusion-full-width-sep\" style=\"align-self: center;margin-left: auto;margin-right: auto;margin-top:-15px;width:100%;\"><div class=\"fusion-separator-border sep-single sep-solid\" style=\"--awb-height:20px;--awb-amount:20px;--awb-sep-color:var(--awb-color4);border-color:var(--awb-color4);border-top-width:2px;\"><\/div><\/div><div class=\"fusion-separator fusion-full-width-sep\" style=\"align-self: center;margin-left: auto;margin-right: auto;margin-top:25px;width:100%;\"><\/div><div class=\"fusion-text fusion-text-1\" style=\"--awb-content-alignment:justify;--awb-font-size:16px;--awb-text-color:var(--awb-color8);--awb-text-font-family:&quot;Poppins&quot;;--awb-text-font-style:normal;--awb-text-font-weight:300;\"><p><strong>Tecnolog\u00eda en Lubricaci\u00f3n Industrial, S.A. de C.V. (\u201cTeclubin\u201d)<\/strong>, con domicilio en Abasolo n\u00famero 2 Colonia Del Carmen, M\u00e9xico, D.F., es responsable de recabar sus datos personales, del uso que se le d\u00e9 a los mismos y de su protecci\u00f3n. De conformidad con lo dispuesto en la Ley Federal de Protecci\u00f3n de Datos Personales en Posesi\u00f3n de los Particulares, Teclubin cuenta con todas las medidas de seguridad f\u00edsicas, t\u00e9cnicas y administrativas adecuadas para proteger sus datos personales. Bajo ninguna circunstancia comercializaremos sus datos personales sin su consentimiento previo y por escrito.<\/p>\n<p>Su informaci\u00f3n personal ser\u00e1 utilizada para proveer o contratar los servicios y productos que ha solicitado, informarle sobre cambios en los mismos y evaluar la calidad del servicio que le brindamos. Espec\u00edficamente, en el caso de clientes, su informaci\u00f3n personal ser\u00e1 utilizada para realizar consultas, cotizaciones, adquisiciones, compra, venta, distribuci\u00f3n y comercializaci\u00f3n de lubricantes industriales; y en el caso de proveedores de servicios su informaci\u00f3n personal ser\u00e1 utilizada para realizar la cotizaci\u00f3n, compra, venta, contrataci\u00f3n y distribuci\u00f3n de lubricantes industriales. Asimismo, al proporcionar sus datos, Usted autoriza a Teclubin, su utilizaci\u00f3n con fines estad\u00edsticos, promocionales e informativos respecto a las actividades de Teclubin o de sus socios de negocios. Para las finalidades antes mencionadas, requerimos obtener datos personales tales como nombre, direcci\u00f3n de correo electr\u00f3nico, n\u00famero telef\u00f3nico y domicilio de los titulares.<\/p>\n<p>Usted tiene derecho de acceder, rectificar y cancelar sus datos personales, as\u00ed como de oponerse al tratamiento de los mismos o revocar el consentimiento que para tal fin nos haya otorgado, mediante comunicaci\u00f3n escrita, se\u00f1alando el nombre del titular y domicilio u otro medio para comunicarle la respuesta a su solicitud, documentaci\u00f3n que acredite su identidad o en su caso la representaci\u00f3n legal del titular de los datos, la descripci\u00f3n clara y precisa de los datos personales respecto de los que se busca ejercer alguno de los derechos antes mencionados, los elementos y\/o documentos que faciliten la localizaci\u00f3n de los datos personales, y los requisitos previstos para el ejercicio de los derechos ARCO en la Ley Federal de Protecci\u00f3n de Datos Personales en Posesi\u00f3n de los Particulares y su Reglamento. La comunicaci\u00f3n deber\u00e1 estar dirigida al Departamento de Datos Personales de Teclubin y podr\u00e1 entregarse en el domicilio de Teclubin antes indicado o enviarse al siguiente correo electr\u00f3nico <span style=\"color: #000000;\"><a style=\"color: #000000;\" href=\"mailto:datospersonales@teclubin.mx\">datospersonales@teclubin.mx<\/a><\/span><\/p>\n<p>Asimismo, le informamos que Teleclubin no transfiere sus datos a terceros en forma alguna. Lo anterior, sin perjuicio de las remisiones de datos que Teclubin hace a sus encargados que le apoyan en cuestiones de manejo y almacenamiento de bases de datos, env\u00edo de informaci\u00f3n, avisos y promociones as\u00ed como entrega de producto.<\/p>\n<p>Si usted desea dejar de recibir mensajes promocionales de nuestra parte puede solicitarlo a trav\u00e9s del Departamento de Datos Personales al correo electr\u00f3nico: <span style=\"color: #000000;\"><a style=\"color: #000000;\" href=\"mailto:datospersonales@teclubin.mx\">datospersonales@teclubin.mx<\/a><\/span><\/p>\n<p>Cualquier modificaci\u00f3n a este aviso de privacidad ser\u00e1 informada debidamente informada por Teclubin a trav\u00e9s de su sitio web <a href=\"https:\/\/teclubin.mx\/\" target=\"_blank\" rel=\"noopener\"><span style=\"color: #000000;\">www.teclubin.mx<\/span><\/a> por lo que podr\u00e1 consultarla en el mismo.<\/p>\n<\/div><div class=\"fusion-separator fusion-full-width-sep\" style=\"align-self: center;margin-left: auto;margin-right: auto;margin-top:15px;width:100%;\"><\/div><div class=\"fusion-builder-row fusion-builder-row-inner fusion-row fusion-flex-align-items-flex-start fusion-flex-content-wrap\" style=\"width:104% !important;max-width:104% !important;margin-left: calc(-4% \/ 2 );margin-right: calc(-4% \/ 2 );\"><div class=\"fusion-layout-column fusion_builder_column_inner fusion-builder-nested-column-0 fusion_builder_column_inner_1_1 1_1 fusion-flex-column\" style=\"--awb-bg-size:cover;--awb-width-large:100%;--awb-margin-top-large:0px;--awb-spacing-right-large:1.92%;--awb-margin-bottom-large:20px;--awb-spacing-left-large:1.92%;--awb-width-medium:100%;--awb-order-medium:0;--awb-spacing-right-medium:1.92%;--awb-spacing-left-medium:1.92%;--awb-width-small:100%;--awb-order-small:0;--awb-spacing-right-small:1.92%;--awb-spacing-left-small:1.92%;\"><div class=\"fusion-column-wrapper fusion-column-has-shadow fusion-flex-justify-content-flex-start fusion-content-layout-column\"><div style=\"text-align:center;\"><a class=\"fusion-button button-flat button-large button-custom fusion-button-default button-1 fusion-button-default-span fusion-button-default-type\" style=\"--button_accent_color:var(--awb-color1);--button_accent_hover_color:var(--awb-color1);--button_border_hover_color:var(--awb-color1);--button-border-radius-top-left:25px;--button-border-radius-top-right:25px;--button-border-radius-bottom-right:25px;--button-border-radius-bottom-left:25px;--button_gradient_top_color:var(--awb-custom_color_1);--button_gradient_bottom_color:var(--awb-custom_color_1);--button_gradient_top_color_hover:var(--awb-color4);--button_gradient_bottom_color_hover:var(--awb-color4);--button_typography-font-family:&quot;Poppins&quot;;--button_typography-font-style:normal;--button_typography-font-weight:500;\" target=\"_self\" href=\"https:\/\/teclubin.com.mx\/landing\/\"><span class=\"fusion-button-text\">Regresar<\/span><\/a><\/div><\/div><\/div><\/div><div class=\"fusion-separator fusion-full-width-sep\" style=\"align-self: center;margin-left: auto;margin-right: auto;margin-top:25px;width:100%;\"><\/div><\/div><\/div><\/div><\/div>\n","protected":false},"excerpt":{"rendered":"","protected":false},"author":1,"featured_media":0,"parent":0,"menu_order":0,"comment_status":"closed","ping_status":"closed","template":"100-width.php","meta":{"footnotes":""},"class_list":["post-240","page","type-page","status-publish","hentry"],"_links":{"self":[{"href":"https:\/\/teclubin.com.mx\/landing\/index.php\/wp-json\/wp\/v2\/pages\/240","targetHints":{"allow":["GET"]}}],"collection":[{"href":"https:\/\/teclubin.com.mx\/landing\/index.php\/wp-json\/wp\/v2\/pages"}],"about":[{"href":"https:\/\/teclubin.com.mx\/landing\/index.php\/wp-json\/wp\/v2\/types\/page"}],"author":[{"embeddable":true,"href":"https:\/\/teclubin.com.mx\/landing\/index.php\/wp-json\/wp\/v2\/users\/1"}],"replies":[{"embeddable":true,"href":"https:\/\/teclubin.com.mx\/landing\/index.php\/wp-json\/wp\/v2\/comments?post=240"}],"version-history":[{"count":4,"href":"https:\/\/teclubin.com.mx\/landing\/index.php\/wp-json\/wp\/v2\/pages\/240\/revisions"}],"predecessor-version":[{"id":809,"href":"https:\/\/teclubin.com.mx\/landing\/index.php\/wp-json\/wp\/v2\/pages\/240\/revisions\/809"}],"wp:attachment":[{"href":"https:\/\/teclubin.com.mx\/landing\/index.php\/wp-json\/wp\/v2\/media?parent=240"}],"curies":[{"name":"wp","href":"https:\/\/api.w.org\/{rel}","templated":true}]}}